{"id":24,"date":"2025-06-21T11:47:53","date_gmt":"2025-06-21T09:47:53","guid":{"rendered":"http:\/\/pqwalba.cluster021.hosting.ovh.net\/?page_id=24"},"modified":"2025-07-05T15:58:28","modified_gmt":"2025-07-05T13:58:28","slug":"chi-siamo","status":"publish","type":"page","link":"https:\/\/passaparola-servizieditoriali.it\/index.php\/chi-siamo\/","title":{"rendered":"Chi siamo"},"content":{"rendered":"\n<div class=\"wp-block-columns is-layout-flex wp-container-core-columns-is-layout-28f84493 wp-block-columns-is-layout-flex\">\n<div class=\"wp-block-column is-layout-flow wp-block-column-is-layout-flow\">\n<div class=\"wp-block-media-text is-stacked-on-mobile\" style=\"grid-template-columns:49% auto\"><figure class=\"wp-block-media-text__media\"><img fetchpriority=\"high\" decoding=\"async\" width=\"1024\" height=\"1024\" src=\"http:\/\/pqwalba.cluster021.hosting.ovh.net\/wp-content\/uploads\/2025\/07\/ValeriaPaolini_Picture-e1751722009647-1024x1024.jpg\" alt=\"\" class=\"wp-image-173 size-full\" srcset=\"https:\/\/passaparola-servizieditoriali.it\/wp-content\/uploads\/2025\/07\/ValeriaPaolini_Picture-e1751722009647-1024x1024.jpg 1024w, https:\/\/passaparola-servizieditoriali.it\/wp-content\/uploads\/2025\/07\/ValeriaPaolini_Picture-e1751722009647-300x300.jpg 300w, https:\/\/passaparola-servizieditoriali.it\/wp-content\/uploads\/2025\/07\/ValeriaPaolini_Picture-e1751722009647-150x150.jpg 150w, https:\/\/passaparola-servizieditoriali.it\/wp-content\/uploads\/2025\/07\/ValeriaPaolini_Picture-e1751722009647-768x768.jpg 768w, https:\/\/passaparola-servizieditoriali.it\/wp-content\/uploads\/2025\/07\/ValeriaPaolini_Picture-e1751722009647.jpg 1043w\" sizes=\"(max-width: 1024px) 100vw, 1024px\" \/><\/figure><div class=\"wp-block-media-text__content\">\n<h3 class=\"wp-block-heading\"><strong>VALERIA PAOLINI<\/strong><\/h3>\n\n\n\n<p>Traduttrice di formazione, ghostwriter di professione, scout letteraria per vocazione. Innamorata del testo in tutte le sue forme, ha imparato il mestiere dell&#8217;editoria lavorando a stretto contatto con gruppi editoriali e piccole realt\u00e0 indipendenti.<\/p>\n<\/div><\/div>\n<\/div>\n\n\n\n<div class=\"wp-block-column is-layout-flow wp-block-column-is-layout-flow\">\n<div class=\"wp-block-media-text is-stacked-on-mobile\"><figure class=\"wp-block-media-text__media\"><img decoding=\"async\" width=\"383\" height=\"362\" src=\"http:\/\/pqwalba.cluster021.hosting.ovh.net\/wp-content\/uploads\/2025\/07\/IMG-20240704-WA0015.jpg\" alt=\"\" class=\"wp-image-174 size-full\" srcset=\"https:\/\/passaparola-servizieditoriali.it\/wp-content\/uploads\/2025\/07\/IMG-20240704-WA0015.jpg 383w, https:\/\/passaparola-servizieditoriali.it\/wp-content\/uploads\/2025\/07\/IMG-20240704-WA0015-300x284.jpg 300w\" sizes=\"(max-width: 383px) 100vw, 383px\" \/><\/figure><div class=\"wp-block-media-text__content\">\n<h3 class=\"wp-block-heading\"><strong>CLAUDIA BONACCORSI<\/strong><\/h3>\n\n\n\n<p>Book designer con un&#8217;esperienza pluriennale nel campo della grafica e della comunicazione. Esperta di social media marketing e realizzazione di contenuti digitali. Si prender\u00e0 cura del tuo libro con professionalit\u00e0, amore e creativit\u00e0.<\/p>\n<\/div><\/div>\n<\/div>\n<\/div>\n\n\n\n<div class=\"wp-block-buttons is-content-justification-center is-layout-flex wp-container-core-buttons-is-layout-a89b3969 wp-block-buttons-is-layout-flex\">\n<div class=\"wp-block-button is-style-outline is-style-outline--1\"><a class=\"wp-block-button__link wp-element-button\" href=\"mailto:info@passaparola-servizieditoriali.it\"><strong>PARLACI DEL TUO PROGETTO<\/strong><\/a><\/div>\n<\/div>\n\n\n\n<hr class=\"wp-block-separator has-alpha-channel-opacity is-style-wide\"\/>\n\n\n\n<h1 class=\"wp-block-heading has-text-align-center\">FELLOWSHIP EDITORIALI<\/h1>\n\n\n\n<div class=\"wp-block-cover alignfull\" style=\"padding-top:50px;padding-right:50px;padding-bottom:50px;padding-left:50px;min-height:316px;aspect-ratio:unset;\"><span aria-hidden=\"true\" class=\"wp-block-cover__background has-black-background-color has-background-dim-100 has-background-dim\"><\/span><div class=\"wp-block-cover__inner-container is-layout-flow wp-block-cover-is-layout-flow\">\n<div class=\"wp-block-columns are-vertically-aligned-center is-layout-flex wp-container-core-columns-is-layout-28f84493 wp-block-columns-is-layout-flex\">\n<div class=\"wp-block-column is-vertically-aligned-center is-layout-flow wp-block-column-is-layout-flow\" style=\"padding-top:20px;padding-right:0px;padding-bottom:20px;padding-left:0px\">\n<figure class=\"wp-block-image size-full\"><img decoding=\"async\" width=\"500\" height=\"500\" src=\"http:\/\/pqwalba.cluster021.hosting.ovh.net\/wp-content\/uploads\/2025\/07\/CAIRO.png\" alt=\"\" class=\"wp-image-178\" srcset=\"https:\/\/passaparola-servizieditoriali.it\/wp-content\/uploads\/2025\/07\/CAIRO.png 500w, https:\/\/passaparola-servizieditoriali.it\/wp-content\/uploads\/2025\/07\/CAIRO-300x300.png 300w, https:\/\/passaparola-servizieditoriali.it\/wp-content\/uploads\/2025\/07\/CAIRO-150x150.png 150w\" sizes=\"(max-width: 500px) 100vw, 500px\" \/><\/figure>\n<\/div>\n\n\n\n<div class=\"wp-block-column is-vertically-aligned-center is-layout-flow wp-block-column-is-layout-flow\" style=\"padding-top:20px;padding-right:0px;padding-bottom:20px;padding-left:0px\">\n<figure class=\"wp-block-image aligncenter size-full is-resized\"><img loading=\"lazy\" decoding=\"async\" width=\"500\" height=\"500\" src=\"http:\/\/pqwalba.cluster021.hosting.ovh.net\/wp-content\/uploads\/2025\/07\/SKOPJE.png\" alt=\"\" class=\"wp-image-177\" style=\"width:359px;height:auto\" srcset=\"https:\/\/passaparola-servizieditoriali.it\/wp-content\/uploads\/2025\/07\/SKOPJE.png 500w, https:\/\/passaparola-servizieditoriali.it\/wp-content\/uploads\/2025\/07\/SKOPJE-300x300.png 300w, https:\/\/passaparola-servizieditoriali.it\/wp-content\/uploads\/2025\/07\/SKOPJE-150x150.png 150w\" sizes=\"(max-width: 500px) 100vw, 500px\" \/><\/figure>\n<\/div>\n\n\n\n<div class=\"wp-block-column is-vertically-aligned-center is-layout-flow wp-block-column-is-layout-flow\" style=\"padding-top:20px;padding-right:0px;padding-bottom:20px;padding-left:0px\">\n<figure class=\"wp-block-image size-full\"><img loading=\"lazy\" decoding=\"async\" width=\"500\" height=\"500\" src=\"http:\/\/pqwalba.cluster021.hosting.ovh.net\/wp-content\/uploads\/2025\/07\/NAIROBI.png\" alt=\"\" class=\"wp-image-179\" srcset=\"https:\/\/passaparola-servizieditoriali.it\/wp-content\/uploads\/2025\/07\/NAIROBI.png 500w, https:\/\/passaparola-servizieditoriali.it\/wp-content\/uploads\/2025\/07\/NAIROBI-300x300.png 300w, https:\/\/passaparola-servizieditoriali.it\/wp-content\/uploads\/2025\/07\/NAIROBI-150x150.png 150w\" sizes=\"(max-width: 500px) 100vw, 500px\" \/><\/figure>\n<\/div>\n<\/div>\n<\/div><\/div>\n\n\n\n<p><\/p>\n","protected":false},"excerpt":{"rendered":"<p>VALERIA PAOLINI Traduttrice di formazione, ghostwriter di professione, scout letteraria per vocazione. Innamorata del testo in tutte le sue forme, ha imparato il mestiere dell&#8217;editoria lavorando a stretto contatto con gruppi editoriali e piccole realt\u00e0 indipendenti. CLAUDIA BONACCORSI Book designer con un&#8217;esperienza pluriennale nel campo della grafica e della comunicazione. Esperta di social media marketing e realizzazione di contenuti digitali. Si prender\u00e0 cura del tuo libro con professionalit\u00e0, amore e creativit\u00e0. FELLOWSHIP EDITORIALI<\/p>\n","protected":false},"author":1,"featured_media":0,"parent":0,"menu_order":0,"comment_status":"closed","ping_status":"closed","template":"","meta":{"footnotes":""},"class_list":["post-24","page","type-page","status-publish","hentry"],"_links":{"self":[{"href":"https:\/\/passaparola-servizieditoriali.it\/index.php\/wp-json\/wp\/v2\/pages\/24","targetHints":{"allow":["GET"]}}],"collection":[{"href":"https:\/\/passaparola-servizieditoriali.it\/index.php\/wp-json\/wp\/v2\/pages"}],"about":[{"href":"https:\/\/passaparola-servizieditoriali.it\/index.php\/wp-json\/wp\/v2\/types\/page"}],"author":[{"embeddable":true,"href":"https:\/\/passaparola-servizieditoriali.it\/index.php\/wp-json\/wp\/v2\/users\/1"}],"replies":[{"embeddable":true,"href":"https:\/\/passaparola-servizieditoriali.it\/index.php\/wp-json\/wp\/v2\/comments?post=24"}],"version-history":[{"count":5,"href":"https:\/\/passaparola-servizieditoriali.it\/index.php\/wp-json\/wp\/v2\/pages\/24\/revisions"}],"predecessor-version":[{"id":198,"href":"https:\/\/passaparola-servizieditoriali.it\/index.php\/wp-json\/wp\/v2\/pages\/24\/revisions\/198"}],"wp:attachment":[{"href":"https:\/\/passaparola-servizieditoriali.it\/index.php\/wp-json\/wp\/v2\/media?parent=24"}],"curies":[{"name":"wp","href":"https:\/\/api.w.org\/{rel}","templated":true}]}}